{"id":33,"date":"2023-05-14T21:47:18","date_gmt":"2023-05-14T19:47:18","guid":{"rendered":"https:\/\/www.tipi-gantrisch.ch\/?page_id=33"},"modified":"2024-01-05T19:13:36","modified_gmt":"2024-01-05T18:13:36","slug":"angebot","status":"publish","type":"page","link":"https:\/\/www.tipi-gantrisch.ch\/?page_id=33","title":{"rendered":"Angebot"},"content":{"rendered":"\n<div class=\"wp-block-columns alignwide is-layout-flex wp-container-core-columns-is-layout-1 wp-block-columns-is-layout-flex\" style=\"margin-bottom:0\">\n<div class=\"wp-block-column is-vertically-aligned-center has-text-color has-background has-link-color wp-elements-2f26e517de88b84344d3d342a9239b33 is-layout-flow wp-block-column-is-layout-flow\" style=\"color:#000000;background-color:#ffe97d;padding-top:2em;padding-right:2em;padding-bottom:2em;padding-left:2em\">\n<h1 class=\"wp-block-heading\" id=\"single\" style=\"font-size:40px\">Caravan Family<\/h1>\n\n\n\n<p class=\"has-normal-font-size\" style=\"line-height:1.5\"><strong>Campingabenteuer im Wohnwagen<\/strong><\/p>\n\n\n\n<hr class=\"wp-block-separator has-text-color has-css-opacity has-background is-style-wide\" style=\"background-color:#000000;color:#000000\"\/>\n\n\n\n<ul class=\"has-normal-font-size\">\n<li class=\"has-small-font-size\">\u00dcbernachtung im Wohnwagen<\/li>\n\n\n\n<li class=\"has-small-font-size\">5 Bett inkl. Bettw\u00e4sche und Frotteew\u00e4sche<\/li>\n\n\n\n<li class=\"has-small-font-size\">Gemeinschaft mit anderen Besuchern auf Platz<\/li>\n\n\n\n<li class=\"has-small-font-size\">Mitbenutzung K\u00fcche &amp; Essplatz<\/li>\n\n\n\n<li class=\"has-small-font-size\">Mitbenutzung Sanit\u00e4ranlagen<\/li>\n\n\n\n<li class=\"has-small-font-size\">Feuerstelle <\/li>\n\n\n\n<li class=\"has-small-font-size\">Stornierung bis 24 Stunden vor Anreise m\u00f6glich<\/li>\n<\/ul>\n\n\n\n<div class=\"wp-block-buttons alignfull is-horizontal is-content-justification-center is-layout-flex wp-container-core-buttons-is-layout-1 wp-block-buttons-is-layout-flex\">\n<div class=\"wp-block-button has-custom-width wp-block-button__width-100\"><a class=\"wp-block-button__link has-white-color has-text-color has-background no-border-radius wp-element-button\" style=\"background-color:#000000\"><strong>120 sFr. \/Nacht<\/strong><\/a><\/div>\n\n\n\n<div class=\"wp-block-button has-custom-width wp-block-button__width-100\"><a class=\"wp-block-button__link has-white-color has-text-color has-background no-border-radius wp-element-button\" style=\"background-color:#000000\"><strong>1-5 Personen<\/strong><\/a><\/div>\n<\/div>\n<\/div>\n\n\n\n<div class=\"wp-block-column is-vertically-aligned-center has-text-color has-background has-link-color wp-elements-7424b344fa3f0184aa992dcd305af419 is-layout-flow wp-block-column-is-layout-flow\" style=\"color:#000000;background-color:#d1d1e1;padding-top:2em;padding-right:2em;padding-bottom:2em;padding-left:2em\">\n<h1 class=\"wp-block-heading\" id=\"family\" style=\"font-size:40px\">TimeOut<\/h1>\n\n\n\n<p class=\"has-normal-font-size\" style=\"line-height:1.5\"><strong>Auszeit nahe am Himmel <\/strong><\/p>\n\n\n\n<p class=\"has-normal-font-size\" style=\"line-height:1.5\"><strong>Zimmer im G\u00e4stehaus<\/strong><\/p>\n\n\n\n<hr class=\"wp-block-separator has-css-opacity is-style-wide\"\/>\n\n\n\n<ul class=\"has-normal-font-size\">\n<li class=\"has-small-font-size\">\u00dcbernachtung im G\u00e4stehaus<\/li>\n\n\n\n<li class=\"has-small-font-size\">1 &#8211; 2 Bett pro Zimmer<\/li>\n\n\n\n<li class=\"has-small-font-size\">privates Zimmer<\/li>\n\n\n\n<li class=\"has-small-font-size\">Reisebett \/ Hochstuhl \/ Spielsachen auf Anfrage im Preis inbegriffen<\/li>\n\n\n\n<li class=\"has-small-font-size\">Mitbenutzung K\u00fcche &amp; Essplatz<\/li>\n\n\n\n<li class=\"has-small-font-size\">Gemeinschaft mit anderen Besuchern<\/li>\n\n\n\n<li class=\"has-small-font-size\">Mitbenutzung Sanit\u00e4ranlagen<\/li>\n\n\n\n<li class=\"has-small-font-size\">Feuerstelle 5 Gehminuten<\/li>\n\n\n\n<li class=\"has-small-font-size\"><strong>Fr\u00fchst\u00fcck auf Anfrage<\/strong><\/li>\n\n\n\n<li class=\"has-small-font-size\">Stornierung bis 24 Stunden vor Anreise m\u00f6glich<\/li>\n<\/ul>\n\n\n\n<div class=\"wp-block-buttons alignfull is-horizontal is-content-justification-center is-layout-flex wp-container-core-buttons-is-layout-2 wp-block-buttons-is-layout-flex\">\n<div class=\"wp-block-button has-custom-width wp-block-button__width-100 is-style-fill\"><a class=\"wp-block-button__link has-white-color has-text-color has-background no-border-radius wp-element-button\" style=\"background-color:#000000\"><strong>130.00 sFr. \/Nacht<\/strong><\/a><\/div>\n\n\n\n<div class=\"wp-block-button has-custom-width wp-block-button__width-100 is-style-fill\"><a class=\"wp-block-button__link has-white-color has-text-color has-background no-border-radius wp-element-button\" style=\"background-color:#000000\"><strong>1-8 Personen<\/strong><\/a><\/div>\n<\/div>\n<\/div>\n\n\n\n<div class=\"wp-block-column is-vertically-aligned-center has-text-color has-background has-link-color wp-elements-a9e17237d5812ba941dfb3cdb34ebf6d is-layout-flow wp-block-column-is-layout-flow\" style=\"color:#000000;background-color:#c0ebf1;padding-top:2em;padding-right:2em;padding-bottom:2em;padding-left:2em\">\n<h1 class=\"wp-block-heading\" id=\"patron\" style=\"font-size:40px\">Tipi Family<\/h1>\n\n\n\n<p class=\"has-normal-font-size\"><strong>Familyadventure<\/strong> <strong>Tipiabenteuer<\/strong><\/p>\n\n\n\n<hr class=\"wp-block-separator has-css-opacity is-style-wide\"\/>\n\n\n\n<ul class=\"has-normal-font-size\">\n<li class=\"has-small-font-size\">Eselspaziergang auf Anfrage<\/li>\n\n\n\n<li class=\"has-small-font-size\">\u00dcbernachtung im privaten Tipi<\/li>\n\n\n\n<li class=\"has-small-font-size\">1 &#8211; 6 Betten (pro Person eine speziell angefertigte Palette, Matratze, Kissen und Anzug)<\/li>\n\n\n\n<li class=\"has-small-font-size\">privates Tipi (Yakari, Watomi oder Geronimo) &#8211; <strong>keine <\/strong>gemeinsame Nutzung mit anderen G\u00e4sten<\/li>\n\n\n\n<li class=\"has-small-font-size\">Reisebett \/ Hochstuhl \/ Spielsachen auf Anfrage im Preis inbegriffen<\/li>\n\n\n\n<li class=\"has-small-font-size\">Mitbenutzung K\u00fcche &amp; Essplatz<\/li>\n\n\n\n<li class=\"has-small-font-size\">Mitbenutzung Sanit\u00e4ranlagen<\/li>\n\n\n\n<li class=\"has-small-font-size\">Feuerstelle <\/li>\n\n\n\n<li class=\"has-small-font-size\">Stornierung bis 24 Stunden vor Anreise m\u00f6glich<\/li>\n<\/ul>\n\n\n\n<div class=\"wp-block-buttons alignfull is-horizontal is-content-justification-center is-layout-flex wp-container-core-buttons-is-layout-3 wp-block-buttons-is-layout-flex\">\n<div class=\"wp-block-button has-custom-width wp-block-button__width-100\"><a class=\"wp-block-button__link has-white-color has-text-color has-background no-border-radius wp-element-button\" style=\"background-color:#000000\"><strong>160.00 sFr. \/Nacht<\/strong><br><strong>&amp; Eselspaziergang<\/strong><\/a><\/div>\n\n\n\n<div class=\"wp-block-button has-custom-width wp-block-button__width-100\"><a class=\"wp-block-button__link has-white-color has-text-color has-background no-border-radius wp-element-button\" style=\"background-color:#000000\"><strong>1-6 Personen <\/strong><\/a><\/div>\n<\/div>\n<\/div>\n<\/div>\n\n\n\n<div class=\"wp-block-columns alignwide is-layout-flex wp-container-core-columns-is-layout-2 wp-block-columns-is-layout-flex\" style=\"margin-bottom:0\">\n<div class=\"wp-block-column has-text-color has-background has-link-color wp-elements-3e189ffe73e9420c688f252867808efd is-layout-flow wp-block-column-is-layout-flow\" style=\"color:#000000;background-color:#ffe97d;padding-top:2em;padding-right:2em;padding-bottom:2em;padding-left:2em\">\n<h1 class=\"wp-block-heading\" id=\"single\" style=\"font-size:40px\">Sch\u00e4ferwagen<\/h1>\n\n\n\n<p class=\"has-normal-font-size\" style=\"line-height:1.5\"><strong>romantisches Abenteuer f\u00fcr 2 Personen<\/strong><\/p>\n\n\n\n<ul class=\"has-normal-font-size\">\n<li class=\"has-small-font-size\">\u00dcbernachtung im Sch\u00e4ferwagen<\/li>\n\n\n\n<li class=\"has-small-font-size\">Doppelbett inkl. Bettw\u00e4sche und Frotteew\u00e4sche<\/li>\n\n\n\n<li class=\"has-small-font-size\">Private<\/li>\n\n\n\n<li class=\"has-small-font-size\">Gemeinschaft mit anderen Besuchern<\/li>\n\n\n\n<li class=\"has-small-font-size\">Mitbenutzung K\u00fcche &amp; Essplatz<\/li>\n\n\n\n<li class=\"has-small-font-size\">Mitbenutzung Sanit\u00e4ranlagen<\/li>\n\n\n\n<li class=\"has-small-font-size\">Feuerstelle <\/li>\n\n\n\n<li class=\"has-small-font-size\">Stornierung bis 24 Stunden vor Anreise m\u00f6glich<\/li>\n<\/ul>\n\n\n\n<div class=\"wp-block-buttons alignfull is-horizontal is-content-justification-center is-layout-flex wp-container-core-buttons-is-layout-4 wp-block-buttons-is-layout-flex\">\n<div class=\"wp-block-button has-custom-width wp-block-button__width-100\"><a class=\"wp-block-button__link has-white-color has-text-color has-background no-border-radius wp-element-button\" style=\"background-color:#000000\"><strong>105 sFr. \/Nacht<\/strong><\/a><\/div>\n\n\n\n<div class=\"wp-block-button has-custom-width wp-block-button__width-100\"><a class=\"wp-block-button__link has-white-color has-text-color has-background no-border-radius wp-element-button\" style=\"background-color:#000000\"><strong>1 &#8211; 2 Personen<\/strong><\/a><\/div>\n<\/div>\n<\/div>\n\n\n\n<div class=\"wp-block-column has-text-color has-background has-link-color wp-elements-381737b1c7837d9bb8ce4708099d14df is-layout-flow wp-block-column-is-layout-flow\" style=\"color:#000000;background-color:#d1d1e1;padding-top:2em;padding-right:2em;padding-bottom:2em;padding-left:2em\">\n<h1 class=\"wp-block-heading\" id=\"family\" style=\"font-size:40px\">Stellplatz<\/h1>\n\n\n\n<p class=\"has-normal-font-size\" style=\"line-height:1.5\"><strong>Dein Stellplatz f\u00fcr Wohnwagen, Camper oder Wohnbus<\/strong><\/p>\n\n\n\n<hr class=\"wp-block-separator has-css-opacity is-style-wide\"\/>\n\n\n\n<ul class=\"has-normal-font-size\">\n<li>Details auf Anfrage<\/li>\n\n\n\n<li>Nach M\u00f6glichkeit<\/li>\n<\/ul>\n\n\n\n<div class=\"wp-block-buttons alignfull is-horizontal is-content-justification-center is-layout-flex wp-container-core-buttons-is-layout-5 wp-block-buttons-is-layout-flex\">\n<div class=\"wp-block-button has-custom-width wp-block-button__width-100 is-style-fill\"><a class=\"wp-block-button__link has-white-color has-text-color has-background no-border-radius wp-element-button\" style=\"background-color:#000000\"><strong>Auf Anfrage<\/strong><\/a><\/div>\n<\/div>\n<\/div>\n<\/div>\n\n\n\n<p class=\"has-small-font-size\">Alle Angebote k\u00f6nnen nur auf Anfrage gebucht werden.<\/p>\n\n\n\n<figure class=\"wp-block-gallery has-nested-images columns-default is-cropped wp-block-gallery-1 is-layout-flex wp-block-gallery-is-layout-flex\">\n<figure class=\"wp-block-image size-large\"><img loading=\"lazy\" decoding=\"async\" width=\"1024\" height=\"1024\" data-id=\"101\" src=\"https:\/\/www.tipi-gantrisch.ch\/wp-content\/uploads\/2023\/05\/IMG_3903-edited-1024x1024.jpeg\" alt=\"\" class=\"wp-image-101\" srcset=\"https:\/\/www.tipi-gantrisch.ch\/wp-content\/uploads\/2023\/05\/IMG_3903-edited-1024x1024.jpeg 1024w, https:\/\/www.tipi-gantrisch.ch\/wp-content\/uploads\/2023\/05\/IMG_3903-edited-300x300.jpeg 300w, https:\/\/www.tipi-gantrisch.ch\/wp-content\/uploads\/2023\/05\/IMG_3903-edited-150x150.jpeg 150w, https:\/\/www.tipi-gantrisch.ch\/wp-content\/uploads\/2023\/05\/IMG_3903-edited-768x768.jpeg 768w, https:\/\/www.tipi-gantrisch.ch\/wp-content\/uploads\/2023\/05\/IMG_3903-edited-1536x1536.jpeg 1536w, https:\/\/www.tipi-gantrisch.ch\/wp-content\/uploads\/2023\/05\/IMG_3903-edited-2048x2048.jpeg 2048w\" sizes=\"(max-width: 1024px) 100vw, 1024px\" \/><figcaption class=\"wp-element-caption\">gem\u00fctlich<\/figcaption><\/figure>\n\n\n\n<figure class=\"wp-block-image size-large\"><img loading=\"lazy\" decoding=\"async\" width=\"1024\" height=\"768\" data-id=\"91\" src=\"https:\/\/www.tipi-gantrisch.ch\/wp-content\/uploads\/2023\/05\/IMG_4115-1024x768.jpg\" alt=\"\" class=\"wp-image-91\" srcset=\"https:\/\/www.tipi-gantrisch.ch\/wp-content\/uploads\/2023\/05\/IMG_4115-1024x768.jpg 1024w, https:\/\/www.tipi-gantrisch.ch\/wp-content\/uploads\/2023\/05\/IMG_4115-300x225.jpg 300w, https:\/\/www.tipi-gantrisch.ch\/wp-content\/uploads\/2023\/05\/IMG_4115-768x576.jpg 768w, https:\/\/www.tipi-gantrisch.ch\/wp-content\/uploads\/2023\/05\/IMG_4115-1536x1152.jpg 1536w, https:\/\/www.tipi-gantrisch.ch\/wp-content\/uploads\/2023\/05\/IMG_4115-2048x1536.jpg 2048w\" sizes=\"(max-width: 1024px) 100vw, 1024px\" \/><figcaption class=\"wp-element-caption\">Pro Person eine speziell angefertigte Palette mit Matratze und Kissen<\/figcaption><\/figure>\n\n\n\n<figure class=\"wp-block-image size-large\"><img loading=\"lazy\" decoding=\"async\" width=\"768\" height=\"1024\" data-id=\"80\" src=\"https:\/\/www.tipi-gantrisch.ch\/wp-content\/uploads\/2023\/05\/IMG_3904-768x1024.jpeg\" alt=\"\" class=\"wp-image-80\" srcset=\"https:\/\/www.tipi-gantrisch.ch\/wp-content\/uploads\/2023\/05\/IMG_3904-768x1024.jpeg 768w, https:\/\/www.tipi-gantrisch.ch\/wp-content\/uploads\/2023\/05\/IMG_3904-225x300.jpeg 225w, https:\/\/www.tipi-gantrisch.ch\/wp-content\/uploads\/2023\/05\/IMG_3904-1152x1536.jpeg 1152w, https:\/\/www.tipi-gantrisch.ch\/wp-content\/uploads\/2023\/05\/IMG_3904-1536x2048.jpeg 1536w, https:\/\/www.tipi-gantrisch.ch\/wp-content\/uploads\/2023\/05\/IMG_3904-scaled.jpeg 1920w\" sizes=\"(max-width: 768px) 100vw, 768px\" \/><figcaption class=\"wp-element-caption\">himmlisch<\/figcaption><\/figure>\n<\/figure>\n","protected":false},"excerpt":{"rendered":"<p>Caravan Family Campingabenteuer im Wohnwagen TimeOut Auszeit nahe am Himmel Zimmer im G\u00e4stehaus Tipi Family Familyadventure Tipiabenteuer Sch\u00e4ferwagen romantisches Abenteuer f\u00fcr 2 Personen Stellplatz Dein Stellplatz f\u00fcr Wohnwagen, Camper oder Wohnbus Alle Angebote k\u00f6nnen nur auf Anfrage gebucht werden.<\/p>\n","protected":false},"author":2,"featured_media":0,"parent":0,"menu_order":0,"comment_status":"closed","ping_status":"closed","template":"","meta":{"footnotes":""},"_links":{"self":[{"href":"https:\/\/www.tipi-gantrisch.ch\/index.php?rest_route=\/wp\/v2\/pages\/33"}],"collection":[{"href":"https:\/\/www.tipi-gantrisch.ch\/index.php?rest_route=\/wp\/v2\/pages"}],"about":[{"href":"https:\/\/www.tipi-gantrisch.ch\/index.php?rest_route=\/wp\/v2\/types\/page"}],"author":[{"embeddable":true,"href":"https:\/\/www.tipi-gantrisch.ch\/index.php?rest_route=\/wp\/v2\/users\/2"}],"replies":[{"embeddable":true,"href":"https:\/\/www.tipi-gantrisch.ch\/index.php?rest_route=%2Fwp%2Fv2%2Fcomments&post=33"}],"version-history":[{"count":16,"href":"https:\/\/www.tipi-gantrisch.ch\/index.php?rest_route=\/wp\/v2\/pages\/33\/revisions"}],"predecessor-version":[{"id":156,"href":"https:\/\/www.tipi-gantrisch.ch\/index.php?rest_route=\/wp\/v2\/pages\/33\/revisions\/156"}],"wp:attachment":[{"href":"https:\/\/www.tipi-gantrisch.ch\/index.php?rest_route=%2Fwp%2Fv2%2Fmedia&parent=33"}],"curies":[{"name":"wp","href":"https:\/\/api.w.org\/{rel}","templated":true}]}}