{"id":36,"date":"2023-05-14T21:49:38","date_gmt":"2023-05-14T19:49:38","guid":{"rendered":"https:\/\/www.tipi-gantrisch.ch\/?page_id=36"},"modified":"2024-01-05T14:46:48","modified_gmt":"2024-01-05T13:46:48","slug":"ueber-uns","status":"publish","type":"page","link":"https:\/\/www.tipi-gantrisch.ch\/?page_id=36","title":{"rendered":"\u00dcber uns"},"content":{"rendered":"<div class=\"wp-block-image\">\n<figure class=\"aligncenter size-large\"><img loading=\"lazy\" decoding=\"async\" width=\"2560\" height=\"1440\" src=\"https:\/\/www.tipi-gantrisch.ch\/wp-content\/uploads\/2023\/05\/20220507_Family_054-edited-scaled.jpg\" alt=\"\" class=\"wp-image-105\" srcset=\"https:\/\/www.tipi-gantrisch.ch\/wp-content\/uploads\/2023\/05\/20220507_Family_054-edited-scaled.jpg 2560w, https:\/\/www.tipi-gantrisch.ch\/wp-content\/uploads\/2023\/05\/20220507_Family_054-edited-300x169.jpg 300w, https:\/\/www.tipi-gantrisch.ch\/wp-content\/uploads\/2023\/05\/20220507_Family_054-edited-1024x576.jpg 1024w, https:\/\/www.tipi-gantrisch.ch\/wp-content\/uploads\/2023\/05\/20220507_Family_054-edited-768x432.jpg 768w, https:\/\/www.tipi-gantrisch.ch\/wp-content\/uploads\/2023\/05\/20220507_Family_054-edited-1536x864.jpg 1536w, https:\/\/www.tipi-gantrisch.ch\/wp-content\/uploads\/2023\/05\/20220507_Family_054-edited-2048x1152.jpg 2048w\" sizes=\"(max-width: 2560px) 100vw, 2560px\" \/><figcaption class=\"wp-element-caption\">Familie Nadine &amp; Stephan Maag<\/figcaption><\/figure><\/div>\n\n\n<p class=\"has-text-align-center has-small-font-size\">Der Bio Hof Sonnhalde liegt mitten im Naturpark Gantrisch auf 1025 m.\u00fc.M. <br>Mit seinen Zimmern ist die Sonnhalde Zuhause f\u00fcr Menschen und genauso auch f\u00fcr Tiere.<br>Der Bio Bauernhof umfasst rund 1000 Quadratmeter Gem\u00fcse und Kr\u00e4utergarten, diverse Tiere und einer biologisch betriebenen Landwirtschaft. Durch die bergige Landschaft und die geografischen Gegebenheiten werden viele Arbeiten in herk\u00f6mmlicher Art und Weise get\u00e4tigt. Der BioHof und die Landwirtschaft bieten Menschen integrativ eine Tagesstruktur und stellen ein wichtiger Teil des Alltags in der Sonnhalde dar. Nadine und Stephan Maag leiten den BioHof und bieten Mensch und Tier ein Umfeld das ihnen gerecht wird.<\/p>\n\n\n\n<p class=\"has-text-align-center has-small-font-size\">Mehr Informationen zu uns und unserem Zuhause unter: www.sonnhalde-gantrisch.ch<\/p>\n","protected":false},"excerpt":{"rendered":"<p>Der Bio Hof Sonnhalde liegt mitten im Naturpark Gantrisch auf 1025 m.\u00fc.M. Mit seinen Zimmern ist die Sonnhalde Zuhause f\u00fcr Menschen und genauso auch f\u00fcr Tiere.Der Bio Bauernhof umfasst rund 1000 Quadratmeter Gem\u00fcse und Kr\u00e4utergarten, diverse Tiere und einer biologisch betriebenen Landwirtschaft. Durch die bergige Landschaft und die geografischen Gegebenheiten werden viele Arbeiten in herk\u00f6mmlicher<\/p>\n<div class=\"more-link\">\n\t\t\t\t <a href=\"https:\/\/www.tipi-gantrisch.ch\/?page_id=36\" class=\"link-btn\"><span>Weiterlesen <\/span> <i class=\"icofont-thin-double-right\"><\/i><\/a>\n\t\t\t<\/div>\n","protected":false},"author":2,"featured_media":0,"parent":0,"menu_order":0,"comment_status":"closed","ping_status":"closed","template":"","meta":{"footnotes":""},"_links":{"self":[{"href":"https:\/\/www.tipi-gantrisch.ch\/index.php?rest_route=\/wp\/v2\/pages\/36"}],"collection":[{"href":"https:\/\/www.tipi-gantrisch.ch\/index.php?rest_route=\/wp\/v2\/pages"}],"about":[{"href":"https:\/\/www.tipi-gantrisch.ch\/index.php?rest_route=\/wp\/v2\/types\/page"}],"author":[{"embeddable":true,"href":"https:\/\/www.tipi-gantrisch.ch\/index.php?rest_route=\/wp\/v2\/users\/2"}],"replies":[{"embeddable":true,"href":"https:\/\/www.tipi-gantrisch.ch\/index.php?rest_route=%2Fwp%2Fv2%2Fcomments&post=36"}],"version-history":[{"count":4,"href":"https:\/\/www.tipi-gantrisch.ch\/index.php?rest_route=\/wp\/v2\/pages\/36\/revisions"}],"predecessor-version":[{"id":131,"href":"https:\/\/www.tipi-gantrisch.ch\/index.php?rest_route=\/wp\/v2\/pages\/36\/revisions\/131"}],"wp:attachment":[{"href":"https:\/\/www.tipi-gantrisch.ch\/index.php?rest_route=%2Fwp%2Fv2%2Fmedia&parent=36"}],"curies":[{"name":"wp","href":"https:\/\/api.w.org\/{rel}","templated":true}]}}