{"id":41,"date":"2023-05-14T21:51:09","date_gmt":"2023-05-14T19:51:09","guid":{"rendered":"https:\/\/www.tipi-gantrisch.ch\/?page_id=41"},"modified":"2024-01-05T19:08:53","modified_gmt":"2024-01-05T18:08:53","slug":"links","status":"publish","type":"page","link":"https:\/\/www.tipi-gantrisch.ch\/?page_id=41","title":{"rendered":"Kontakt"},"content":{"rendered":"<div class=\"aligncenter wp-block-site-logo\"><a href=\"https:\/\/www.tipi-gantrisch.ch\/\" class=\"custom-logo-link\" rel=\"home\"><img loading=\"lazy\" decoding=\"async\" width=\"851\" height=\"261\" src=\"https:\/\/www.tipi-gantrisch.ch\/wp-content\/uploads\/2024\/01\/Tipiabenteuer-edited-e1704478122958.png\" class=\"custom-logo\" alt=\"tipi-gantrisch\" srcset=\"https:\/\/www.tipi-gantrisch.ch\/wp-content\/uploads\/2024\/01\/Tipiabenteuer-edited-e1704478122958.png 842w, https:\/\/www.tipi-gantrisch.ch\/wp-content\/uploads\/2024\/01\/Tipiabenteuer-edited-e1704478122958-300x92.png 300w, https:\/\/www.tipi-gantrisch.ch\/wp-content\/uploads\/2024\/01\/Tipiabenteuer-edited-e1704478122958-768x236.png 768w\" sizes=\"(max-width: 851px) 100vw, 851px\" \/><\/a><\/div>\n\n\n<p class=\"has-text-align-center\">Pension Sonnhalde \/ Tipi-Gantrisch<br>Pl\u00f6tschweid 25<br>3099 R\u00fcti bei Riggisberg<br>ns.maag@bluewin.ch  <br>079 393 40 62<\/p>\n\n\n\n<div class=\"wp-block-group alignfull has-text-color has-background\" style=\"color:#000000;background-color:#ffffff\"><div class=\"wp-block-group__inner-container is-layout-flow wp-block-group-is-layout-flow\">\n<p class=\"has-text-align-center has-small-font-size\" style=\"line-height:.9\">M\u00f6chtest du deine Auszeit in unserem G\u00e4stehaus buchen?<\/p>\n\n\n\n<h2 class=\"wp-block-heading has-text-align-center\" id=\"schedule-a-visit\" style=\"font-size:59px;line-height:1.15\"><strong>Jetzt anfragen<\/strong><\/h2>\n\n\n\n<div class=\"wp-block-buttons is-horizontal is-content-justification-center is-layout-flex wp-container-core-buttons-is-layout-1 wp-block-buttons-is-layout-flex\">\n<div class=\"wp-block-button has-custom-width wp-block-button__width-50\"><a class=\"wp-block-button__link has-text-color has-background wp-element-button\" href=\"\" style=\"border-radius:50px;color:#ffffff;background-color:#000000\" target=\"_blank\" rel=\"noreferrer noopener\">ns.maag@bluewin.ch<\/a><\/div>\n<\/div>\n\n\n\n<div style=\"height:64px\" aria-hidden=\"true\" class=\"wp-block-spacer\"><\/div>\n<\/div><\/div>\n","protected":false},"excerpt":{"rendered":"<p>Pension Sonnhalde \/ Tipi-GantrischPl\u00f6tschweid 253099 R\u00fcti bei Riggisbergns.maag@bluewin.ch 079 393 40 62 M\u00f6chtest du deine Auszeit in unserem G\u00e4stehaus buchen? Jetzt anfragen<\/p>\n","protected":false},"author":2,"featured_media":0,"parent":0,"menu_order":0,"comment_status":"closed","ping_status":"closed","template":"","meta":{"footnotes":""},"_links":{"self":[{"href":"https:\/\/www.tipi-gantrisch.ch\/index.php?rest_route=\/wp\/v2\/pages\/41"}],"collection":[{"href":"https:\/\/www.tipi-gantrisch.ch\/index.php?rest_route=\/wp\/v2\/pages"}],"about":[{"href":"https:\/\/www.tipi-gantrisch.ch\/index.php?rest_route=\/wp\/v2\/types\/page"}],"author":[{"embeddable":true,"href":"https:\/\/www.tipi-gantrisch.ch\/index.php?rest_route=\/wp\/v2\/users\/2"}],"replies":[{"embeddable":true,"href":"https:\/\/www.tipi-gantrisch.ch\/index.php?rest_route=%2Fwp%2Fv2%2Fcomments&post=41"}],"version-history":[{"count":9,"href":"https:\/\/www.tipi-gantrisch.ch\/index.php?rest_route=\/wp\/v2\/pages\/41\/revisions"}],"predecessor-version":[{"id":152,"href":"https:\/\/www.tipi-gantrisch.ch\/index.php?rest_route=\/wp\/v2\/pages\/41\/revisions\/152"}],"wp:attachment":[{"href":"https:\/\/www.tipi-gantrisch.ch\/index.php?rest_route=%2Fwp%2Fv2%2Fmedia&parent=41"}],"curies":[{"name":"wp","href":"https:\/\/api.w.org\/{rel}","templated":true}]}}